{"id":2,"date":"2021-03-04T21:22:57","date_gmt":"2021-03-04T20:22:57","guid":{"rendered":"http:\/\/afpcahome\/site\/?page_id=2"},"modified":"2024-06-03T18:04:11","modified_gmt":"2024-06-03T16:04:11","slug":"actions-et-evenements","status":"publish","type":"page","link":"https:\/\/afpca.fr\/site\/actions-et-evenements\/","title":{"rendered":"Actions et \u00e9v\u00e8nements"},"content":{"rendered":"\t\t<div data-elementor-type=\"wp-page\" data-elementor-id=\"2\" class=\"elementor elementor-2\">\n\t\t\t\t\t\t<section class=\"elementor-section elementor-top-section elementor-element elementor-element-429f905 elementor-section-boxed elementor-section-height-default elementor-section-height-default\" data-id=\"429f905\" data-element_type=\"section\" data-e-type=\"section\">\n\t\t\t\t\t\t<div class=\"elementor-container elementor-column-gap-default\">\n\t\t\t\t\t<div class=\"elementor-column elementor-col-100 elementor-top-column elementor-element elementor-element-4eaf760\" data-id=\"4eaf760\" data-element_type=\"column\" data-e-type=\"column\">\n\t\t\t<div class=\"elementor-widget-wrap elementor-element-populated\">\n\t\t\t\t\t\t<div class=\"elementor-element elementor-element-10594d0 elementor-widget elementor-widget-heading\" data-id=\"10594d0\" data-element_type=\"widget\" data-e-type=\"widget\" data-widget_type=\"heading.default\">\n\t\t\t\t<div class=\"elementor-widget-container\">\n\t\t\t\t\t<h2 class=\"elementor-heading-title elementor-size-default\">Retrouvez-ici les diff\u00e9rents \u00e9v\u00e8nements organis\u00e9s au profit de l'AFPCA<\/h2>\t\t\t\t<\/div>\n\t\t\t\t<\/div>\n\t\t\t\t\t<\/div>\n\t\t<\/div>\n\t\t\t\t\t<\/div>\n\t\t<\/section>\n\t\t\t\t<section class=\"elementor-section elementor-top-section elementor-element elementor-element-813ad51 elementor-section-boxed elementor-section-height-default elementor-section-height-default\" data-id=\"813ad51\" data-element_type=\"section\" data-e-type=\"section\">\n\t\t\t\t\t\t<div class=\"elementor-container elementor-column-gap-default\">\n\t\t\t\t\t<div class=\"elementor-column elementor-col-100 elementor-top-column elementor-element elementor-element-7eed40f\" data-id=\"7eed40f\" data-element_type=\"column\" data-e-type=\"column\">\n\t\t\t<div class=\"elementor-widget-wrap\">\n\t\t\t\t\t\t\t<\/div>\n\t\t<\/div>\n\t\t\t\t\t<\/div>\n\t\t<\/section>\n\t\t\t\t<section class=\"elementor-section elementor-top-section elementor-element elementor-element-cbf8352 elementor-section-boxed elementor-section-height-default elementor-section-height-default\" data-id=\"cbf8352\" data-element_type=\"section\" data-e-type=\"section\">\n\t\t\t\t\t\t<div class=\"elementor-container elementor-column-gap-default\">\n\t\t\t\t\t<div class=\"elementor-column elementor-col-100 elementor-top-column elementor-element elementor-element-e8724da\" data-id=\"e8724da\" data-element_type=\"column\" data-e-type=\"column\">\n\t\t\t<div class=\"elementor-widget-wrap\">\n\t\t\t\t\t\t\t<\/div>\n\t\t<\/div>\n\t\t\t\t\t<\/div>\n\t\t<\/section>\n\t\t\t\t<\/div>\n\t\t","protected":false},"excerpt":{"rendered":"<p>Retrouvez-ici les diff\u00e9rents \u00e9v\u00e8nements organis\u00e9s au profit de l&#8217;AFPCA<\/p>\n","protected":false},"author":10,"featured_media":2919,"parent":0,"menu_order":0,"comment_status":"closed","ping_status":"open","template":"","meta":{"footnotes":""},"class_list":["post-2","page","type-page","status-publish","has-post-thumbnail","hentry","post","post-with-thumbnail","post-with-thumbnail-large"],"yoast_head":"<!-- This site is optimized with the Yoast SEO plugin v27.3 - https:\/\/yoast.com\/product\/yoast-seo-wordpress\/ -->\n<title>Actions et \u00e9v\u00e8nements<\/title>\n<meta name=\"description\" content=\"actions et \u00e9v\u00e8nements men\u00e9s au profit de la recherche contre la polychondrite chronique atrophiante\" \/>\n<meta name=\"robots\" content=\"index, follow, max-snippet:-1, max-image-preview:large, max-video-preview:-1\" \/>\n<link rel=\"canonical\" href=\"https:\/\/afpca.fr\/site\/actions-et-evenements\/\" \/>\n<meta property=\"og:locale\" content=\"fr_FR\" \/>\n<meta property=\"og:type\" content=\"article\" \/>\n<meta property=\"og:title\" content=\"Actions et \u00e9v\u00e8nements\" \/>\n<meta property=\"og:description\" content=\"actions et \u00e9v\u00e8nements men\u00e9s au profit de la recherche contre la polychondrite chronique atrophiante\" \/>\n<meta property=\"og:url\" content=\"https:\/\/afpca.fr\/site\/actions-et-evenements\/\" \/>\n<meta property=\"og:site_name\" content=\"Association Francophone Contre La Polychondrite Chronique Atrophiante\" \/>\n<meta property=\"article:publisher\" content=\"https:\/\/www.facebook.com\/groups\/42710644010\" \/>\n<meta property=\"article:modified_time\" content=\"2024-06-03T16:04:11+00:00\" \/>\n<meta property=\"og:image\" content=\"https:\/\/afpca.fr\/site\/wp-content\/uploads\/2023\/12\/actus_archivees-1.png\" \/>\n\t<meta property=\"og:image:width\" content=\"397\" \/>\n\t<meta property=\"og:image:height\" content=\"275\" \/>\n\t<meta property=\"og:image:type\" content=\"image\/png\" \/>\n<meta name=\"twitter:card\" content=\"summary_large_image\" \/>\n<script type=\"application\/ld+json\" class=\"yoast-schema-graph\">{\"@context\":\"https:\\\/\\\/schema.org\",\"@graph\":[{\"@type\":\"NewsArticle\",\"@id\":\"https:\\\/\\\/afpca.fr\\\/site\\\/actions-et-evenements\\\/#article\",\"isPartOf\":{\"@id\":\"https:\\\/\\\/afpca.fr\\\/site\\\/actions-et-evenements\\\/\"},\"author\":{\"name\":\"webmaster_afpca\",\"@id\":\"https:\\\/\\\/afpca.fr\\\/site\\\/#\\\/schema\\\/person\\\/51c98554e1e9914c58daecf2d0e9822e\"},\"headline\":\"Actions et \u00e9v\u00e8nements\",\"datePublished\":\"2021-03-04T20:22:57+00:00\",\"dateModified\":\"2024-06-03T16:04:11+00:00\",\"mainEntityOfPage\":{\"@id\":\"https:\\\/\\\/afpca.fr\\\/site\\\/actions-et-evenements\\\/\"},\"wordCount\":17,\"publisher\":{\"@id\":\"https:\\\/\\\/afpca.fr\\\/site\\\/#organization\"},\"image\":{\"@id\":\"https:\\\/\\\/afpca.fr\\\/site\\\/actions-et-evenements\\\/#primaryimage\"},\"thumbnailUrl\":\"https:\\\/\\\/afpca.fr\\\/site\\\/wp-content\\\/uploads\\\/2023\\\/12\\\/actus_archivees-1.png\",\"inLanguage\":\"fr-FR\"},{\"@type\":[\"WebPage\",\"CollectionPage\"],\"@id\":\"https:\\\/\\\/afpca.fr\\\/site\\\/actions-et-evenements\\\/\",\"url\":\"https:\\\/\\\/afpca.fr\\\/site\\\/actions-et-evenements\\\/\",\"name\":\"Actions et \u00e9v\u00e8nements\",\"isPartOf\":{\"@id\":\"https:\\\/\\\/afpca.fr\\\/site\\\/#website\"},\"primaryImageOfPage\":{\"@id\":\"https:\\\/\\\/afpca.fr\\\/site\\\/actions-et-evenements\\\/#primaryimage\"},\"image\":{\"@id\":\"https:\\\/\\\/afpca.fr\\\/site\\\/actions-et-evenements\\\/#primaryimage\"},\"thumbnailUrl\":\"https:\\\/\\\/afpca.fr\\\/site\\\/wp-content\\\/uploads\\\/2023\\\/12\\\/actus_archivees-1.png\",\"datePublished\":\"2021-03-04T20:22:57+00:00\",\"dateModified\":\"2024-06-03T16:04:11+00:00\",\"description\":\"actions et \u00e9v\u00e8nements men\u00e9s au profit de la recherche contre la polychondrite chronique atrophiante\",\"breadcrumb\":{\"@id\":\"https:\\\/\\\/afpca.fr\\\/site\\\/actions-et-evenements\\\/#breadcrumb\"},\"inLanguage\":\"fr-FR\"},{\"@type\":\"ImageObject\",\"inLanguage\":\"fr-FR\",\"@id\":\"https:\\\/\\\/afpca.fr\\\/site\\\/actions-et-evenements\\\/#primaryimage\",\"url\":\"https:\\\/\\\/afpca.fr\\\/site\\\/wp-content\\\/uploads\\\/2023\\\/12\\\/actus_archivees-1.png\",\"contentUrl\":\"https:\\\/\\\/afpca.fr\\\/site\\\/wp-content\\\/uploads\\\/2023\\\/12\\\/actus_archivees-1.png\",\"width\":397,\"height\":275},{\"@type\":\"BreadcrumbList\",\"@id\":\"https:\\\/\\\/afpca.fr\\\/site\\\/actions-et-evenements\\\/#breadcrumb\",\"itemListElement\":[{\"@type\":\"ListItem\",\"position\":1,\"name\":\"Accueil\",\"item\":\"https:\\\/\\\/afpca.fr\\\/site\\\/\"},{\"@type\":\"ListItem\",\"position\":2,\"name\":\"Actions et \u00e9v\u00e8nements\"}]},{\"@type\":\"WebSite\",\"@id\":\"https:\\\/\\\/afpca.fr\\\/site\\\/#website\",\"url\":\"https:\\\/\\\/afpca.fr\\\/site\\\/\",\"name\":\"Association Francophone Contre La Polychondrite Chronique Atrophiante\",\"description\":\"Association Francophone Contre La Polychondrite Chronique Atrophiante\",\"publisher\":{\"@id\":\"https:\\\/\\\/afpca.fr\\\/site\\\/#organization\"},\"potentialAction\":[{\"@type\":\"SearchAction\",\"target\":{\"@type\":\"EntryPoint\",\"urlTemplate\":\"https:\\\/\\\/afpca.fr\\\/site\\\/?s={search_term_string}\"},\"query-input\":{\"@type\":\"PropertyValueSpecification\",\"valueRequired\":true,\"valueName\":\"search_term_string\"}}],\"inLanguage\":\"fr-FR\"},{\"@type\":\"Organization\",\"@id\":\"https:\\\/\\\/afpca.fr\\\/site\\\/#organization\",\"name\":\"Association Francophone Contre La Polychondrite Chronique Atrophiante\",\"url\":\"https:\\\/\\\/afpca.fr\\\/site\\\/\",\"logo\":{\"@type\":\"ImageObject\",\"inLanguage\":\"fr-FR\",\"@id\":\"https:\\\/\\\/afpca.fr\\\/site\\\/#\\\/schema\\\/logo\\\/image\\\/\",\"url\":\"https:\\\/\\\/afpca.fr\\\/site\\\/wp-content\\\/uploads\\\/2023\\\/05\\\/LOGO_afpca.png\",\"contentUrl\":\"https:\\\/\\\/afpca.fr\\\/site\\\/wp-content\\\/uploads\\\/2023\\\/05\\\/LOGO_afpca.png\",\"width\":184,\"height\":184,\"caption\":\"Association Francophone Contre La Polychondrite Chronique Atrophiante\"},\"image\":{\"@id\":\"https:\\\/\\\/afpca.fr\\\/site\\\/#\\\/schema\\\/logo\\\/image\\\/\"},\"sameAs\":[\"https:\\\/\\\/www.facebook.com\\\/groups\\\/42710644010\"]},{\"@type\":\"Person\",\"@id\":\"https:\\\/\\\/afpca.fr\\\/site\\\/#\\\/schema\\\/person\\\/51c98554e1e9914c58daecf2d0e9822e\",\"name\":\"webmaster_afpca\",\"image\":{\"@type\":\"ImageObject\",\"inLanguage\":\"fr-FR\",\"@id\":\"https:\\\/\\\/secure.gravatar.com\\\/avatar\\\/8ceed7420502a29ef58778714f74aee5826a58566284b1b505f52207bb7285a5?s=96&d=mm&r=g\",\"url\":\"https:\\\/\\\/secure.gravatar.com\\\/avatar\\\/8ceed7420502a29ef58778714f74aee5826a58566284b1b505f52207bb7285a5?s=96&d=mm&r=g\",\"contentUrl\":\"https:\\\/\\\/secure.gravatar.com\\\/avatar\\\/8ceed7420502a29ef58778714f74aee5826a58566284b1b505f52207bb7285a5?s=96&d=mm&r=g\",\"caption\":\"webmaster_afpca\"},\"url\":\"https:\\\/\\\/afpca.fr\\\/site\\\/author\\\/webmaster_afpca\\\/\"}]}<\/script>\n<!-- \/ Yoast SEO plugin. -->","yoast_head_json":{"title":"Actions et \u00e9v\u00e8nements","description":"actions et \u00e9v\u00e8nements men\u00e9s au profit de la recherche contre la polychondrite chronique atrophiante","robots":{"index":"index","follow":"follow","max-snippet":"max-snippet:-1","max-image-preview":"max-image-preview:large","max-video-preview":"max-video-preview:-1"},"canonical":"https:\/\/afpca.fr\/site\/actions-et-evenements\/","og_locale":"fr_FR","og_type":"article","og_title":"Actions et \u00e9v\u00e8nements","og_description":"actions et \u00e9v\u00e8nements men\u00e9s au profit de la recherche contre la polychondrite chronique atrophiante","og_url":"https:\/\/afpca.fr\/site\/actions-et-evenements\/","og_site_name":"Association Francophone Contre La Polychondrite Chronique Atrophiante","article_publisher":"https:\/\/www.facebook.com\/groups\/42710644010","article_modified_time":"2024-06-03T16:04:11+00:00","og_image":[{"width":397,"height":275,"url":"https:\/\/afpca.fr\/site\/wp-content\/uploads\/2023\/12\/actus_archivees-1.png","type":"image\/png"}],"twitter_card":"summary_large_image","schema":{"@context":"https:\/\/schema.org","@graph":[{"@type":"NewsArticle","@id":"https:\/\/afpca.fr\/site\/actions-et-evenements\/#article","isPartOf":{"@id":"https:\/\/afpca.fr\/site\/actions-et-evenements\/"},"author":{"name":"webmaster_afpca","@id":"https:\/\/afpca.fr\/site\/#\/schema\/person\/51c98554e1e9914c58daecf2d0e9822e"},"headline":"Actions et \u00e9v\u00e8nements","datePublished":"2021-03-04T20:22:57+00:00","dateModified":"2024-06-03T16:04:11+00:00","mainEntityOfPage":{"@id":"https:\/\/afpca.fr\/site\/actions-et-evenements\/"},"wordCount":17,"publisher":{"@id":"https:\/\/afpca.fr\/site\/#organization"},"image":{"@id":"https:\/\/afpca.fr\/site\/actions-et-evenements\/#primaryimage"},"thumbnailUrl":"https:\/\/afpca.fr\/site\/wp-content\/uploads\/2023\/12\/actus_archivees-1.png","inLanguage":"fr-FR"},{"@type":["WebPage","CollectionPage"],"@id":"https:\/\/afpca.fr\/site\/actions-et-evenements\/","url":"https:\/\/afpca.fr\/site\/actions-et-evenements\/","name":"Actions et \u00e9v\u00e8nements","isPartOf":{"@id":"https:\/\/afpca.fr\/site\/#website"},"primaryImageOfPage":{"@id":"https:\/\/afpca.fr\/site\/actions-et-evenements\/#primaryimage"},"image":{"@id":"https:\/\/afpca.fr\/site\/actions-et-evenements\/#primaryimage"},"thumbnailUrl":"https:\/\/afpca.fr\/site\/wp-content\/uploads\/2023\/12\/actus_archivees-1.png","datePublished":"2021-03-04T20:22:57+00:00","dateModified":"2024-06-03T16:04:11+00:00","description":"actions et \u00e9v\u00e8nements men\u00e9s au profit de la recherche contre la polychondrite chronique atrophiante","breadcrumb":{"@id":"https:\/\/afpca.fr\/site\/actions-et-evenements\/#breadcrumb"},"inLanguage":"fr-FR"},{"@type":"ImageObject","inLanguage":"fr-FR","@id":"https:\/\/afpca.fr\/site\/actions-et-evenements\/#primaryimage","url":"https:\/\/afpca.fr\/site\/wp-content\/uploads\/2023\/12\/actus_archivees-1.png","contentUrl":"https:\/\/afpca.fr\/site\/wp-content\/uploads\/2023\/12\/actus_archivees-1.png","width":397,"height":275},{"@type":"BreadcrumbList","@id":"https:\/\/afpca.fr\/site\/actions-et-evenements\/#breadcrumb","itemListElement":[{"@type":"ListItem","position":1,"name":"Accueil","item":"https:\/\/afpca.fr\/site\/"},{"@type":"ListItem","position":2,"name":"Actions et \u00e9v\u00e8nements"}]},{"@type":"WebSite","@id":"https:\/\/afpca.fr\/site\/#website","url":"https:\/\/afpca.fr\/site\/","name":"Association Francophone Contre La Polychondrite Chronique Atrophiante","description":"Association Francophone Contre La Polychondrite Chronique Atrophiante","publisher":{"@id":"https:\/\/afpca.fr\/site\/#organization"},"potentialAction":[{"@type":"SearchAction","target":{"@type":"EntryPoint","urlTemplate":"https:\/\/afpca.fr\/site\/?s={search_term_string}"},"query-input":{"@type":"PropertyValueSpecification","valueRequired":true,"valueName":"search_term_string"}}],"inLanguage":"fr-FR"},{"@type":"Organization","@id":"https:\/\/afpca.fr\/site\/#organization","name":"Association Francophone Contre La Polychondrite Chronique Atrophiante","url":"https:\/\/afpca.fr\/site\/","logo":{"@type":"ImageObject","inLanguage":"fr-FR","@id":"https:\/\/afpca.fr\/site\/#\/schema\/logo\/image\/","url":"https:\/\/afpca.fr\/site\/wp-content\/uploads\/2023\/05\/LOGO_afpca.png","contentUrl":"https:\/\/afpca.fr\/site\/wp-content\/uploads\/2023\/05\/LOGO_afpca.png","width":184,"height":184,"caption":"Association Francophone Contre La Polychondrite Chronique Atrophiante"},"image":{"@id":"https:\/\/afpca.fr\/site\/#\/schema\/logo\/image\/"},"sameAs":["https:\/\/www.facebook.com\/groups\/42710644010"]},{"@type":"Person","@id":"https:\/\/afpca.fr\/site\/#\/schema\/person\/51c98554e1e9914c58daecf2d0e9822e","name":"webmaster_afpca","image":{"@type":"ImageObject","inLanguage":"fr-FR","@id":"https:\/\/secure.gravatar.com\/avatar\/8ceed7420502a29ef58778714f74aee5826a58566284b1b505f52207bb7285a5?s=96&d=mm&r=g","url":"https:\/\/secure.gravatar.com\/avatar\/8ceed7420502a29ef58778714f74aee5826a58566284b1b505f52207bb7285a5?s=96&d=mm&r=g","contentUrl":"https:\/\/secure.gravatar.com\/avatar\/8ceed7420502a29ef58778714f74aee5826a58566284b1b505f52207bb7285a5?s=96&d=mm&r=g","caption":"webmaster_afpca"},"url":"https:\/\/afpca.fr\/site\/author\/webmaster_afpca\/"}]}},"_links":{"self":[{"href":"https:\/\/afpca.fr\/site\/wp-json\/wp\/v2\/pages\/2","targetHints":{"allow":["GET"]}}],"collection":[{"href":"https:\/\/afpca.fr\/site\/wp-json\/wp\/v2\/pages"}],"about":[{"href":"https:\/\/afpca.fr\/site\/wp-json\/wp\/v2\/types\/page"}],"author":[{"embeddable":true,"href":"https:\/\/afpca.fr\/site\/wp-json\/wp\/v2\/users\/10"}],"replies":[{"embeddable":true,"href":"https:\/\/afpca.fr\/site\/wp-json\/wp\/v2\/comments?post=2"}],"version-history":[{"count":4,"href":"https:\/\/afpca.fr\/site\/wp-json\/wp\/v2\/pages\/2\/revisions"}],"predecessor-version":[{"id":3877,"href":"https:\/\/afpca.fr\/site\/wp-json\/wp\/v2\/pages\/2\/revisions\/3877"}],"wp:featuredmedia":[{"embeddable":true,"href":"https:\/\/afpca.fr\/site\/wp-json\/wp\/v2\/media\/2919"}],"wp:attachment":[{"href":"https:\/\/afpca.fr\/site\/wp-json\/wp\/v2\/media?parent=2"}],"curies":[{"name":"wp","href":"https:\/\/api.w.org\/{rel}","templated":true}]}}