{"id":236,"date":"2021-03-11T14:13:51","date_gmt":"2021-03-11T13:13:51","guid":{"rendered":"http:\/\/afpcahome\/site\/?page_id=236"},"modified":"2024-05-07T17:16:13","modified_gmt":"2024-05-07T15:16:13","slug":"maladies-associees","status":"publish","type":"page","link":"https:\/\/afpca.fr\/site\/maladies-associees\/","title":{"rendered":"Maladies associ\u00e9es"},"content":{"rendered":"\t\t<div data-elementor-type=\"wp-page\" data-elementor-id=\"236\" class=\"elementor elementor-236\">\n\t\t\t\t\t\t<section class=\"elementor-section elementor-top-section elementor-element elementor-element-9298605 elementor-section-boxed elementor-section-height-default elementor-section-height-default\" data-id=\"9298605\" data-element_type=\"section\" data-e-type=\"section\">\n\t\t\t\t\t\t<div class=\"elementor-container elementor-column-gap-default\">\n\t\t\t\t\t<div class=\"elementor-column elementor-col-100 elementor-top-column elementor-element elementor-element-29953b4\" data-id=\"29953b4\" data-element_type=\"column\" data-e-type=\"column\">\n\t\t\t<div class=\"elementor-widget-wrap elementor-element-populated\">\n\t\t\t\t\t\t<div class=\"elementor-element elementor-element-4534bdf elementor-widget elementor-widget-text-editor\" data-id=\"4534bdf\" data-element_type=\"widget\" data-e-type=\"widget\" data-widget_type=\"text-editor.default\">\n\t\t\t\t<div class=\"elementor-widget-container\">\n\t\t\t\t\t\t\t\t\t<p>Environ 30 % des personnes atteintes de PCA souffrent d\u2019une autre maladie auto-immune, expliquant en partie la diversit\u00e9 des manifestations cliniques. Cela peut retarder le diagnostic et compliquer par la suite l\u2019optimisation du traitement.<\/p>\t\t\t\t\t\t\t\t<\/div>\n\t\t\t\t<\/div>\n\t\t\t\t\t<\/div>\n\t\t<\/div>\n\t\t\t\t\t<\/div>\n\t\t<\/section>\n\t\t\t\t<section class=\"elementor-section elementor-top-section elementor-element elementor-element-ef000ff elementor-section-boxed elementor-section-height-default elementor-section-height-default\" data-id=\"ef000ff\" data-element_type=\"section\" data-e-type=\"section\">\n\t\t\t\t\t\t<div class=\"elementor-container elementor-column-gap-default\">\n\t\t\t\t\t<div class=\"elementor-column elementor-col-100 elementor-top-column elementor-element elementor-element-fef1f60\" data-id=\"fef1f60\" data-element_type=\"column\" data-e-type=\"column\">\n\t\t\t<div class=\"elementor-widget-wrap elementor-element-populated\">\n\t\t\t\t\t\t<div class=\"elementor-element elementor-element-a8342b7 elementor-widget elementor-widget-heading\" data-id=\"a8342b7\" data-element_type=\"widget\" data-e-type=\"widget\" data-widget_type=\"heading.default\">\n\t\t\t\t<div class=\"elementor-widget-container\">\n\t\t\t\t\t<h2 class=\"elementor-heading-title elementor-size-small\">CONNECTIVITES (MALADIES DES TISSUS DE L'ORGANISME) ET ARTHRITES INFLAMMATOIRES<\/h2>\t\t\t\t<\/div>\n\t\t\t\t<\/div>\n\t\t\t\t\t<\/div>\n\t\t<\/div>\n\t\t\t\t\t<\/div>\n\t\t<\/section>\n\t\t\t\t<section class=\"elementor-section elementor-top-section elementor-element elementor-element-f441b74 elementor-section-boxed elementor-section-height-default elementor-section-height-default\" data-id=\"f441b74\" data-element_type=\"section\" data-e-type=\"section\">\n\t\t\t\t\t\t<div class=\"elementor-container elementor-column-gap-default\">\n\t\t\t\t\t<div class=\"elementor-column elementor-col-100 elementor-top-column elementor-element elementor-element-856053b\" data-id=\"856053b\" data-element_type=\"column\" data-e-type=\"column\">\n\t\t\t<div class=\"elementor-widget-wrap elementor-element-populated\">\n\t\t\t\t\t\t<div class=\"elementor-element elementor-element-c1ec276 elementor-widget elementor-widget-text-editor\" data-id=\"c1ec276\" data-element_type=\"widget\" data-e-type=\"widget\" data-widget_type=\"text-editor.default\">\n\t\t\t\t<div class=\"elementor-widget-container\">\n\t\t\t\t\t\t\t\t\t<ul><li><a href=\"https:\/\/www.lupusfrance.com\/index.php\">Lupus \u00e9ryth\u00e9mateux syst\u00e9mique<\/a><\/li><li><a href=\"https:\/\/www.polyarthrite.org\/\">Polyarthrite rhumato\u00efde<\/a><\/li><li><a href=\"https:\/\/www.afgs-syndromes-secs.org\/\">Syndrome de Gougerot-Sj\u00f6gren<\/a><\/li><li><a href=\"https:\/\/www.spondy.fr\/\">Spondylarthrite ankylosante<\/a><\/li><li><a href=\"https:\/\/public.larhumatologie.fr\/grandes-maladies\/pseudo-polyarthrite-rhizomelique-0\">Pseudo-polyarthrite rhizom\u00e9lique<\/a><\/li><li><a href=\"https:\/\/arthrite.ca\/\">Arthrite psoriasique<\/a><\/li><li><a href=\"http:\/\/www.kourir.org\/\">Arthrite chronique juv\u00e9nile<\/a><\/li><li><a href=\"https:\/\/www.association-sclerodermie.fr\/la-sclerodermie\/\">Scl\u00e9rodermie syst\u00e9mique<\/a><\/li><\/ul>\t\t\t\t\t\t\t\t<\/div>\n\t\t\t\t<\/div>\n\t\t\t\t\t<\/div>\n\t\t<\/div>\n\t\t\t\t\t<\/div>\n\t\t<\/section>\n\t\t\t\t<section class=\"elementor-section elementor-top-section elementor-element elementor-element-a1e4020 elementor-section-boxed elementor-section-height-default elementor-section-height-default\" data-id=\"a1e4020\" data-element_type=\"section\" data-e-type=\"section\">\n\t\t\t\t\t\t<div class=\"elementor-container elementor-column-gap-default\">\n\t\t\t\t\t<div class=\"elementor-column elementor-col-100 elementor-top-column elementor-element elementor-element-b1f0d65\" data-id=\"b1f0d65\" data-element_type=\"column\" data-e-type=\"column\">\n\t\t\t<div class=\"elementor-widget-wrap elementor-element-populated\">\n\t\t\t\t\t\t<div class=\"elementor-element elementor-element-b488c94 elementor-widget elementor-widget-heading\" data-id=\"b488c94\" data-element_type=\"widget\" data-e-type=\"widget\" data-widget_type=\"heading.default\">\n\t\t\t\t<div class=\"elementor-widget-container\">\n\t\t\t\t\t<h2 class=\"elementor-heading-title elementor-size-small\">VASCULARITES SYST\u00c9MIQUES<\/h2>\t\t\t\t<\/div>\n\t\t\t\t<\/div>\n\t\t\t\t\t<\/div>\n\t\t<\/div>\n\t\t\t\t\t<\/div>\n\t\t<\/section>\n\t\t\t\t<section class=\"elementor-section elementor-top-section elementor-element elementor-element-3ae01e7 elementor-section-boxed elementor-section-height-default elementor-section-height-default\" data-id=\"3ae01e7\" data-element_type=\"section\" data-e-type=\"section\">\n\t\t\t\t\t\t<div class=\"elementor-container elementor-column-gap-default\">\n\t\t\t\t\t<div class=\"elementor-column elementor-col-100 elementor-top-column elementor-element elementor-element-9677863\" data-id=\"9677863\" data-element_type=\"column\" data-e-type=\"column\">\n\t\t\t<div class=\"elementor-widget-wrap elementor-element-populated\">\n\t\t\t\t\t\t<div class=\"elementor-element elementor-element-102a637 elementor-widget elementor-widget-text-editor\" data-id=\"102a637\" data-element_type=\"widget\" data-e-type=\"widget\" data-widget_type=\"text-editor.default\">\n\t\t\t\t<div class=\"elementor-widget-container\">\n\t\t\t\t\t\t\t\t\t<ul><li><a href=\"https:\/\/www.orpha.net\/data\/patho\/Pub\/fr\/Behcet-FRfrPub703v01.pdf\">La maladie de Beh\u00e7et<\/a><\/li><li><a href=\"http:\/\/www6.vascularite.com\/\">Le syndrome de Churg -Strauss<\/a><\/li><li><a href=\"https:\/\/www.orpha.net\/data\/patho\/Pub\/fr\/Horton-FRfrPub876v01.pdf\">Maladie de Horton<\/a><\/li><li><a href=\"https:\/\/www.orpha.net\/data\/patho\/FR\/fr-wegener.pdf\">Granulomatose de Wegener<\/a><\/li><li><a href=\"https:\/\/www.therapeutique-dermatologique.org\/spip.php?article1262&amp;lang=fr\">P\u00e9riart\u00e9rite noueuse (PAN)<\/a><\/li><li><a href=\"https:\/\/www.vulgaris-medical.com\/encyclopedie-medicale\/cryoglobulinemie\">Cryoglobulin\u00e9mie mixte<\/a><\/li><\/ul>\t\t\t\t\t\t\t\t<\/div>\n\t\t\t\t<\/div>\n\t\t\t\t\t<\/div>\n\t\t<\/div>\n\t\t\t\t\t<\/div>\n\t\t<\/section>\n\t\t\t\t<section class=\"elementor-section elementor-top-section elementor-element elementor-element-cfaa0e1 elementor-section-boxed elementor-section-height-default elementor-section-height-default\" data-id=\"cfaa0e1\" data-element_type=\"section\" data-e-type=\"section\">\n\t\t\t\t\t\t<div class=\"elementor-container elementor-column-gap-default\">\n\t\t\t\t\t<div class=\"elementor-column elementor-col-100 elementor-top-column elementor-element elementor-element-bc75d6c\" data-id=\"bc75d6c\" data-element_type=\"column\" data-e-type=\"column\">\n\t\t\t<div class=\"elementor-widget-wrap elementor-element-populated\">\n\t\t\t\t\t\t<div class=\"elementor-element elementor-element-7d18c91 elementor-widget elementor-widget-heading\" data-id=\"7d18c91\" data-element_type=\"widget\" data-e-type=\"widget\" data-widget_type=\"heading.default\">\n\t\t\t\t<div class=\"elementor-widget-container\">\n\t\t\t\t\t<h2 class=\"elementor-heading-title elementor-size-small\">MALADIES DIGESTIVES<\/h2>\t\t\t\t<\/div>\n\t\t\t\t<\/div>\n\t\t\t\t\t<\/div>\n\t\t<\/div>\n\t\t\t\t\t<\/div>\n\t\t<\/section>\n\t\t\t\t<section class=\"elementor-section elementor-top-section elementor-element elementor-element-effbe50 elementor-section-boxed elementor-section-height-default elementor-section-height-default\" data-id=\"effbe50\" data-element_type=\"section\" data-e-type=\"section\">\n\t\t\t\t\t\t<div class=\"elementor-container elementor-column-gap-default\">\n\t\t\t\t\t<div class=\"elementor-column elementor-col-100 elementor-top-column elementor-element elementor-element-e36fdee\" data-id=\"e36fdee\" data-element_type=\"column\" data-e-type=\"column\">\n\t\t\t<div class=\"elementor-widget-wrap elementor-element-populated\">\n\t\t\t\t\t\t<div class=\"elementor-element elementor-element-b70cc37 elementor-widget elementor-widget-text-editor\" data-id=\"b70cc37\" data-element_type=\"widget\" data-e-type=\"widget\" data-widget_type=\"text-editor.default\">\n\t\t\t\t<div class=\"elementor-widget-container\">\n\t\t\t\t\t\t\t\t\t<ul>\n<li><a href=\"https:\/\/www.afa.asso.fr\/\">Maladies de Crohn<\/a><\/li>\n<li><a href=\"https:\/\/www.orpha.net\/data\/patho\/Pub\/fr\/Recto-coliteHemorragique-FRfrPub34v01.pdf\">Rectocolite h\u00e9morragique<\/a><\/li>\n<li><a href=\"http:\/\/www.albi-france.org\/\/\">Cirrhose biliaire primitive<\/a><\/li>\n<\/ul>\t\t\t\t\t\t\t\t<\/div>\n\t\t\t\t<\/div>\n\t\t\t\t\t<\/div>\n\t\t<\/div>\n\t\t\t\t\t<\/div>\n\t\t<\/section>\n\t\t\t\t<section class=\"elementor-section elementor-top-section elementor-element elementor-element-a6f4a44 elementor-section-boxed elementor-section-height-default elementor-section-height-default\" data-id=\"a6f4a44\" data-element_type=\"section\" data-e-type=\"section\">\n\t\t\t\t\t\t<div class=\"elementor-container elementor-column-gap-default\">\n\t\t\t\t\t<div class=\"elementor-column elementor-col-100 elementor-top-column elementor-element elementor-element-0469254\" data-id=\"0469254\" data-element_type=\"column\" data-e-type=\"column\">\n\t\t\t<div class=\"elementor-widget-wrap elementor-element-populated\">\n\t\t\t\t\t\t<div class=\"elementor-element elementor-element-ad7daa7 elementor-widget elementor-widget-heading\" data-id=\"ad7daa7\" data-element_type=\"widget\" data-e-type=\"widget\" data-widget_type=\"heading.default\">\n\t\t\t\t<div class=\"elementor-widget-container\">\n\t\t\t\t\t<h2 class=\"elementor-heading-title elementor-size-small\">MALADIES ENDOCRINIENNES<\/h2>\t\t\t\t<\/div>\n\t\t\t\t<\/div>\n\t\t\t\t\t<\/div>\n\t\t<\/div>\n\t\t\t\t\t<\/div>\n\t\t<\/section>\n\t\t\t\t<section class=\"elementor-section elementor-top-section elementor-element elementor-element-1148c25 elementor-section-boxed elementor-section-height-default elementor-section-height-default\" data-id=\"1148c25\" data-element_type=\"section\" data-e-type=\"section\">\n\t\t\t\t\t\t<div class=\"elementor-container elementor-column-gap-default\">\n\t\t\t\t\t<div class=\"elementor-column elementor-col-100 elementor-top-column elementor-element elementor-element-dc5e10c\" data-id=\"dc5e10c\" data-element_type=\"column\" data-e-type=\"column\">\n\t\t\t<div class=\"elementor-widget-wrap elementor-element-populated\">\n\t\t\t\t\t\t<div class=\"elementor-element elementor-element-5a15372 elementor-widget elementor-widget-text-editor\" data-id=\"5a15372\" data-element_type=\"widget\" data-e-type=\"widget\" data-widget_type=\"text-editor.default\">\n\t\t\t\t<div class=\"elementor-widget-container\">\n\t\t\t\t\t\t\t\t\t<ul><li><a href=\"https:\/\/www.federationdesdiabetiques.org\/diabete\">Diab\u00e8te type I (diab\u00e8te insulinod\u00e9pendant)<\/a><\/li><li><a href=\"https:\/\/thyroide.ooreka.fr\/comprendre\/thyroide-hashimoto\">Thyro\u00efdite de Hashimoto<\/a><\/li><li><a href=\"https:\/\/fr.wikipedia.org\/wiki\/Myasth%C3%A9nie?\">Myasth\u00e9nie (fatigabilit\u00e9 anormale \u00e0 l&#8217;effort)<\/a><\/li><\/ul>\t\t\t\t\t\t\t\t<\/div>\n\t\t\t\t<\/div>\n\t\t\t\t\t<\/div>\n\t\t<\/div>\n\t\t\t\t\t<\/div>\n\t\t<\/section>\n\t\t\t\t<section class=\"elementor-section elementor-top-section elementor-element elementor-element-8bf7b57 elementor-section-boxed elementor-section-height-default elementor-section-height-default\" data-id=\"8bf7b57\" data-element_type=\"section\" data-e-type=\"section\">\n\t\t\t\t\t\t<div class=\"elementor-container elementor-column-gap-default\">\n\t\t\t\t\t<div class=\"elementor-column elementor-col-100 elementor-top-column elementor-element elementor-element-949e9ab\" data-id=\"949e9ab\" data-element_type=\"column\" data-e-type=\"column\">\n\t\t\t<div class=\"elementor-widget-wrap elementor-element-populated\">\n\t\t\t\t\t\t<div class=\"elementor-element elementor-element-0bb69c1 elementor-widget elementor-widget-heading\" data-id=\"0bb69c1\" data-element_type=\"widget\" data-e-type=\"widget\" data-widget_type=\"heading.default\">\n\t\t\t\t<div class=\"elementor-widget-container\">\n\t\t\t\t\t<h2 class=\"elementor-heading-title elementor-size-small\">MALADIES H\u00c9MATOLOGIQUES<\/h2>\t\t\t\t<\/div>\n\t\t\t\t<\/div>\n\t\t\t\t\t<\/div>\n\t\t<\/div>\n\t\t\t\t\t<\/div>\n\t\t<\/section>\n\t\t\t\t<section class=\"elementor-section elementor-top-section elementor-element elementor-element-170ddb1 elementor-section-boxed elementor-section-height-default elementor-section-height-default\" data-id=\"170ddb1\" data-element_type=\"section\" data-e-type=\"section\">\n\t\t\t\t\t\t<div class=\"elementor-container elementor-column-gap-default\">\n\t\t\t\t\t<div class=\"elementor-column elementor-col-100 elementor-top-column elementor-element elementor-element-e6572bf\" data-id=\"e6572bf\" data-element_type=\"column\" data-e-type=\"column\">\n\t\t\t<div class=\"elementor-widget-wrap elementor-element-populated\">\n\t\t\t\t\t\t<div class=\"elementor-element elementor-element-c8a8bc7 elementor-widget elementor-widget-text-editor\" data-id=\"c8a8bc7\" data-element_type=\"widget\" data-e-type=\"widget\" data-widget_type=\"text-editor.default\">\n\t\t\t\t<div class=\"elementor-widget-container\">\n\t\t\t\t\t\t\t\t\t<ul><li><a href=\"https:\/\/fr.wikipedia.org\/wiki\/Syndrome_my%C3%A9lodysplasique\">Syndrome my\u00e9lodysplasique<\/a><\/li><li><a href=\"https:\/\/www.vulgaris-medical.com\/encyclopedie-medicale\/dysglobulinemie\">Dysgammaglobulin\u00e9mie<\/a><\/li><\/ul>\t\t\t\t\t\t\t\t<\/div>\n\t\t\t\t<\/div>\n\t\t\t\t\t<\/div>\n\t\t<\/div>\n\t\t\t\t\t<\/div>\n\t\t<\/section>\n\t\t\t\t<section class=\"elementor-section elementor-top-section elementor-element elementor-element-6ff442d elementor-section-boxed elementor-section-height-default elementor-section-height-default\" data-id=\"6ff442d\" data-element_type=\"section\" data-e-type=\"section\">\n\t\t\t\t\t\t<div class=\"elementor-container elementor-column-gap-default\">\n\t\t\t\t\t<div class=\"elementor-column elementor-col-100 elementor-top-column elementor-element elementor-element-4651013\" data-id=\"4651013\" data-element_type=\"column\" data-e-type=\"column\">\n\t\t\t<div class=\"elementor-widget-wrap elementor-element-populated\">\n\t\t\t\t\t\t<div class=\"elementor-element elementor-element-1afe22c elementor-widget elementor-widget-heading\" data-id=\"1afe22c\" data-element_type=\"widget\" data-e-type=\"widget\" data-widget_type=\"heading.default\">\n\t\t\t\t<div class=\"elementor-widget-container\">\n\t\t\t\t\t<h2 class=\"elementor-heading-title elementor-size-small\">MALADIE CARDIOVASCULAIRE<\/h2>\t\t\t\t<\/div>\n\t\t\t\t<\/div>\n\t\t\t\t\t<\/div>\n\t\t<\/div>\n\t\t\t\t\t<\/div>\n\t\t<\/section>\n\t\t\t\t<section class=\"elementor-section elementor-top-section elementor-element elementor-element-8041774 elementor-section-boxed elementor-section-height-default elementor-section-height-default\" data-id=\"8041774\" data-element_type=\"section\" data-e-type=\"section\">\n\t\t\t\t\t\t<div class=\"elementor-container elementor-column-gap-default\">\n\t\t\t\t\t<div class=\"elementor-column elementor-col-100 elementor-top-column elementor-element elementor-element-f27112d\" data-id=\"f27112d\" data-element_type=\"column\" data-e-type=\"column\">\n\t\t\t<div class=\"elementor-widget-wrap elementor-element-populated\">\n\t\t\t\t\t\t<div class=\"elementor-element elementor-element-7767540 elementor-widget elementor-widget-text-editor\" data-id=\"7767540\" data-element_type=\"widget\" data-e-type=\"widget\" data-widget_type=\"text-editor.default\">\n\t\t\t\t<div class=\"elementor-widget-container\">\n\t\t\t\t\t\t\t\t\t<ul><li><a href=\"https:\/\/www.aly-abbara.com\/echographie\/biometrie\/scores\/syndrome_anticorps_antiphospholipides.html\">Syndrome des anti-corps antiphospholipides<\/a><\/li><\/ul>\t\t\t\t\t\t\t\t<\/div>\n\t\t\t\t<\/div>\n\t\t\t\t\t<\/div>\n\t\t<\/div>\n\t\t\t\t\t<\/div>\n\t\t<\/section>\n\t\t\t\t<\/div>\n\t\t","protected":false},"excerpt":{"rendered":"<p>Environ 30 % des personnes atteintes de PCA souffrent d\u2019une autre maladie auto-immune, expliquant en partie la diversit\u00e9 des manifestations cliniques. Cela peut retarder le diagnostic et compliquer par la suite l\u2019optimisation du traitement. CONNECTIVITES (MALADIES DES TISSUS DE L&#8217;ORGANISME) ET ARTHRITES INFLAMMATOIRES Lupus \u00e9ryth\u00e9mateux syst\u00e9mique Polyarthrite rhumato\u00efde Syndrome de Gougerot-Sj\u00f6gren Spondylarthrite ankylosante Pseudo-polyarthrite rhizom\u00e9lique [&hellip;]<\/p>\n","protected":false},"author":10,"featured_media":0,"parent":0,"menu_order":0,"comment_status":"closed","ping_status":"closed","template":"","meta":{"footnotes":""},"class_list":["post-236","page","type-page","status-publish","hentry","post"],"yoast_head":"<!-- This site is optimized with the Yoast SEO plugin v27.3 - https:\/\/yoast.com\/product\/yoast-seo-wordpress\/ -->\n<title>Maladies associ\u00e9es - Association Francophone Contre La Polychondrite Chronique Atrophiante<\/title>\n<meta name=\"description\" content=\"Environ 30 % des personnes atteintes de PCA souffrent d\u2019une autre maladie auto-immune, expliquant en partie la diversit\u00e9 des manifestations cliniques. Cela peut retarder le diagnostic et compliquer par la suite l\u2019optimisation du traitement.\" \/>\n<meta name=\"robots\" content=\"index, follow, max-snippet:-1, max-image-preview:large, max-video-preview:-1\" \/>\n<link rel=\"canonical\" href=\"https:\/\/afpca.fr\/site\/maladies-associees\/\" \/>\n<meta property=\"og:locale\" content=\"fr_FR\" \/>\n<meta property=\"og:type\" content=\"article\" \/>\n<meta property=\"og:title\" content=\"Maladies associ\u00e9es - Association Francophone Contre La Polychondrite Chronique Atrophiante\" \/>\n<meta property=\"og:description\" content=\"Environ 30 % des personnes atteintes de PCA souffrent d\u2019une autre maladie auto-immune, expliquant en partie la diversit\u00e9 des manifestations cliniques. Cela peut retarder le diagnostic et compliquer par la suite l\u2019optimisation du traitement.\" \/>\n<meta property=\"og:url\" content=\"https:\/\/afpca.fr\/site\/maladies-associees\/\" \/>\n<meta property=\"og:site_name\" content=\"Association Francophone Contre La Polychondrite Chronique Atrophiante\" \/>\n<meta property=\"article:publisher\" content=\"https:\/\/www.facebook.com\/groups\/42710644010\" \/>\n<meta property=\"article:modified_time\" content=\"2024-05-07T15:16:13+00:00\" \/>\n<meta name=\"twitter:card\" content=\"summary_large_image\" \/>\n<meta name=\"twitter:label1\" content=\"Dur\u00e9e de lecture estim\u00e9e\" \/>\n\t<meta name=\"twitter:data1\" content=\"1 minute\" \/>\n<script type=\"application\/ld+json\" class=\"yoast-schema-graph\">{\"@context\":\"https:\\\/\\\/schema.org\",\"@graph\":[{\"@type\":[\"WebPage\",\"MedicalWebPage\"],\"@id\":\"https:\\\/\\\/afpca.fr\\\/site\\\/maladies-associees\\\/\",\"url\":\"https:\\\/\\\/afpca.fr\\\/site\\\/maladies-associees\\\/\",\"name\":\"Maladies associ\u00e9es - Association Francophone Contre La Polychondrite Chronique Atrophiante\",\"isPartOf\":{\"@id\":\"https:\\\/\\\/afpca.fr\\\/site\\\/#website\"},\"datePublished\":\"2021-03-11T13:13:51+00:00\",\"dateModified\":\"2024-05-07T15:16:13+00:00\",\"description\":\"Environ 30 % des personnes atteintes de PCA souffrent d\u2019une autre maladie auto-immune, expliquant en partie la diversit\u00e9 des manifestations cliniques. Cela peut retarder le diagnostic et compliquer par la suite l\u2019optimisation du traitement.\",\"breadcrumb\":{\"@id\":\"https:\\\/\\\/afpca.fr\\\/site\\\/maladies-associees\\\/#breadcrumb\"},\"inLanguage\":\"fr-FR\",\"potentialAction\":[{\"@type\":\"ReadAction\",\"target\":[\"https:\\\/\\\/afpca.fr\\\/site\\\/maladies-associees\\\/\"]}]},{\"@type\":\"BreadcrumbList\",\"@id\":\"https:\\\/\\\/afpca.fr\\\/site\\\/maladies-associees\\\/#breadcrumb\",\"itemListElement\":[{\"@type\":\"ListItem\",\"position\":1,\"name\":\"Accueil\",\"item\":\"https:\\\/\\\/afpca.fr\\\/site\\\/\"},{\"@type\":\"ListItem\",\"position\":2,\"name\":\"Maladies associ\u00e9es\"}]},{\"@type\":\"WebSite\",\"@id\":\"https:\\\/\\\/afpca.fr\\\/site\\\/#website\",\"url\":\"https:\\\/\\\/afpca.fr\\\/site\\\/\",\"name\":\"Association Francophone Contre La Polychondrite Chronique Atrophiante\",\"description\":\"Association Francophone Contre La Polychondrite Chronique Atrophiante\",\"publisher\":{\"@id\":\"https:\\\/\\\/afpca.fr\\\/site\\\/#organization\"},\"potentialAction\":[{\"@type\":\"SearchAction\",\"target\":{\"@type\":\"EntryPoint\",\"urlTemplate\":\"https:\\\/\\\/afpca.fr\\\/site\\\/?s={search_term_string}\"},\"query-input\":{\"@type\":\"PropertyValueSpecification\",\"valueRequired\":true,\"valueName\":\"search_term_string\"}}],\"inLanguage\":\"fr-FR\"},{\"@type\":\"Organization\",\"@id\":\"https:\\\/\\\/afpca.fr\\\/site\\\/#organization\",\"name\":\"Association Francophone Contre La Polychondrite Chronique Atrophiante\",\"url\":\"https:\\\/\\\/afpca.fr\\\/site\\\/\",\"logo\":{\"@type\":\"ImageObject\",\"inLanguage\":\"fr-FR\",\"@id\":\"https:\\\/\\\/afpca.fr\\\/site\\\/#\\\/schema\\\/logo\\\/image\\\/\",\"url\":\"https:\\\/\\\/afpca.fr\\\/site\\\/wp-content\\\/uploads\\\/2023\\\/05\\\/LOGO_afpca.png\",\"contentUrl\":\"https:\\\/\\\/afpca.fr\\\/site\\\/wp-content\\\/uploads\\\/2023\\\/05\\\/LOGO_afpca.png\",\"width\":184,\"height\":184,\"caption\":\"Association Francophone Contre La Polychondrite Chronique Atrophiante\"},\"image\":{\"@id\":\"https:\\\/\\\/afpca.fr\\\/site\\\/#\\\/schema\\\/logo\\\/image\\\/\"},\"sameAs\":[\"https:\\\/\\\/www.facebook.com\\\/groups\\\/42710644010\"]}]}<\/script>\n<!-- \/ Yoast SEO plugin. -->","yoast_head_json":{"title":"Maladies associ\u00e9es - Association Francophone Contre La Polychondrite Chronique Atrophiante","description":"Environ 30 % des personnes atteintes de PCA souffrent d\u2019une autre maladie auto-immune, expliquant en partie la diversit\u00e9 des manifestations cliniques. Cela peut retarder le diagnostic et compliquer par la suite l\u2019optimisation du traitement.","robots":{"index":"index","follow":"follow","max-snippet":"max-snippet:-1","max-image-preview":"max-image-preview:large","max-video-preview":"max-video-preview:-1"},"canonical":"https:\/\/afpca.fr\/site\/maladies-associees\/","og_locale":"fr_FR","og_type":"article","og_title":"Maladies associ\u00e9es - Association Francophone Contre La Polychondrite Chronique Atrophiante","og_description":"Environ 30 % des personnes atteintes de PCA souffrent d\u2019une autre maladie auto-immune, expliquant en partie la diversit\u00e9 des manifestations cliniques. Cela peut retarder le diagnostic et compliquer par la suite l\u2019optimisation du traitement.","og_url":"https:\/\/afpca.fr\/site\/maladies-associees\/","og_site_name":"Association Francophone Contre La Polychondrite Chronique Atrophiante","article_publisher":"https:\/\/www.facebook.com\/groups\/42710644010","article_modified_time":"2024-05-07T15:16:13+00:00","twitter_card":"summary_large_image","twitter_misc":{"Dur\u00e9e de lecture estim\u00e9e":"1 minute"},"schema":{"@context":"https:\/\/schema.org","@graph":[{"@type":["WebPage","MedicalWebPage"],"@id":"https:\/\/afpca.fr\/site\/maladies-associees\/","url":"https:\/\/afpca.fr\/site\/maladies-associees\/","name":"Maladies associ\u00e9es - Association Francophone Contre La Polychondrite Chronique Atrophiante","isPartOf":{"@id":"https:\/\/afpca.fr\/site\/#website"},"datePublished":"2021-03-11T13:13:51+00:00","dateModified":"2024-05-07T15:16:13+00:00","description":"Environ 30 % des personnes atteintes de PCA souffrent d\u2019une autre maladie auto-immune, expliquant en partie la diversit\u00e9 des manifestations cliniques. Cela peut retarder le diagnostic et compliquer par la suite l\u2019optimisation du traitement.","breadcrumb":{"@id":"https:\/\/afpca.fr\/site\/maladies-associees\/#breadcrumb"},"inLanguage":"fr-FR","potentialAction":[{"@type":"ReadAction","target":["https:\/\/afpca.fr\/site\/maladies-associees\/"]}]},{"@type":"BreadcrumbList","@id":"https:\/\/afpca.fr\/site\/maladies-associees\/#breadcrumb","itemListElement":[{"@type":"ListItem","position":1,"name":"Accueil","item":"https:\/\/afpca.fr\/site\/"},{"@type":"ListItem","position":2,"name":"Maladies associ\u00e9es"}]},{"@type":"WebSite","@id":"https:\/\/afpca.fr\/site\/#website","url":"https:\/\/afpca.fr\/site\/","name":"Association Francophone Contre La Polychondrite Chronique Atrophiante","description":"Association Francophone Contre La Polychondrite Chronique Atrophiante","publisher":{"@id":"https:\/\/afpca.fr\/site\/#organization"},"potentialAction":[{"@type":"SearchAction","target":{"@type":"EntryPoint","urlTemplate":"https:\/\/afpca.fr\/site\/?s={search_term_string}"},"query-input":{"@type":"PropertyValueSpecification","valueRequired":true,"valueName":"search_term_string"}}],"inLanguage":"fr-FR"},{"@type":"Organization","@id":"https:\/\/afpca.fr\/site\/#organization","name":"Association Francophone Contre La Polychondrite Chronique Atrophiante","url":"https:\/\/afpca.fr\/site\/","logo":{"@type":"ImageObject","inLanguage":"fr-FR","@id":"https:\/\/afpca.fr\/site\/#\/schema\/logo\/image\/","url":"https:\/\/afpca.fr\/site\/wp-content\/uploads\/2023\/05\/LOGO_afpca.png","contentUrl":"https:\/\/afpca.fr\/site\/wp-content\/uploads\/2023\/05\/LOGO_afpca.png","width":184,"height":184,"caption":"Association Francophone Contre La Polychondrite Chronique Atrophiante"},"image":{"@id":"https:\/\/afpca.fr\/site\/#\/schema\/logo\/image\/"},"sameAs":["https:\/\/www.facebook.com\/groups\/42710644010"]}]}},"_links":{"self":[{"href":"https:\/\/afpca.fr\/site\/wp-json\/wp\/v2\/pages\/236","targetHints":{"allow":["GET"]}}],"collection":[{"href":"https:\/\/afpca.fr\/site\/wp-json\/wp\/v2\/pages"}],"about":[{"href":"https:\/\/afpca.fr\/site\/wp-json\/wp\/v2\/types\/page"}],"author":[{"embeddable":true,"href":"https:\/\/afpca.fr\/site\/wp-json\/wp\/v2\/users\/10"}],"replies":[{"embeddable":true,"href":"https:\/\/afpca.fr\/site\/wp-json\/wp\/v2\/comments?post=236"}],"version-history":[{"count":1,"href":"https:\/\/afpca.fr\/site\/wp-json\/wp\/v2\/pages\/236\/revisions"}],"predecessor-version":[{"id":3806,"href":"https:\/\/afpca.fr\/site\/wp-json\/wp\/v2\/pages\/236\/revisions\/3806"}],"wp:attachment":[{"href":"https:\/\/afpca.fr\/site\/wp-json\/wp\/v2\/media?parent=236"}],"curies":[{"name":"wp","href":"https:\/\/api.w.org\/{rel}","templated":true}]}}