{"id":4078,"date":"2024-10-23T11:40:57","date_gmt":"2024-10-23T09:40:57","guid":{"rendered":"https:\/\/afpca.fr\/site\/login\/"},"modified":"2024-12-03T11:06:03","modified_gmt":"2024-12-03T10:06:03","slug":"login","status":"publish","type":"page","link":"https:\/\/afpca.fr\/site\/login\/","title":{"rendered":"Connexion"},"content":{"rendered":"\t\t<div data-elementor-type=\"wp-page\" data-elementor-id=\"4078\" class=\"elementor elementor-4078\">\n\t\t\t\t<div class=\"elementor-element elementor-element-53dd5cb e-con-full e-flex e-con e-parent\" data-id=\"53dd5cb\" data-element_type=\"container\" data-e-type=\"container\">\n\t\t\t\t<div class=\"elementor-element elementor-element-7c2cf66 elementor-widget elementor-widget-text-editor\" data-id=\"7c2cf66\" data-element_type=\"widget\" data-e-type=\"widget\" data-widget_type=\"text-editor.default\">\n\t\t\t\t<div class=\"elementor-widget-container\">\n\t\t\t\t\t\t\t\t\t<p style=\"text-align: left;\">Cet espace documentaire est r\u00e9serv\u00e9 aux adh\u00e9rents de l&#8217;AFPCA. Pour visualiser les documents, vous devez entrer\u00a0 l&#8217;<strong>identifiant<\/strong> et le <strong>mot de passe (1)<\/strong> que vous avez re\u00e7u dans nos feuillets trimestriels.<\/p><p style=\"text-align: left;\">Vous venez d&#8217;adh\u00e9rer , demander l&#8217;identifiant et le mot de passe au <a href=\"mailto:tresorier-adjoint@afpca.fr\">tresorier-adjoint@afpca.fr<\/a><\/p><p style=\"text-align: left;\">En cas de probl\u00e8me, vous pouvez \u00e9galement \u00e9crire \u00e0\u00a0<a href=\"mailto:contact@afpca.fr\">contact@afpca.fr<\/a><\/p><p>(1): <span style=\"text-decoration: underline;\">le mot de passe change chaque ann\u00e9e.<\/span><\/p>\t\t\t\t\t\t\t\t<\/div>\n\t\t\t\t<\/div>\n\t\t\t\t<\/div>\n\t\t<div class=\"elementor-element elementor-element-459f7db5 e-flex e-con-boxed e-con e-parent\" data-id=\"459f7db5\" data-element_type=\"container\" data-e-type=\"container\">\n\t\t\t\t\t<div class=\"e-con-inner\">\n\t\t\t\t<div class=\"elementor-element elementor-element-1bdcd0cc elementor-widget elementor-widget-shortcode\" data-id=\"1bdcd0cc\" data-element_type=\"widget\" data-e-type=\"widget\" data-widget_type=\"shortcode.default\">\n\t\t\t\t<div class=\"elementor-widget-container\">\n\t\t\t\t\t\t\t<div class=\"elementor-shortcode\">\n<div class=\"um um-login um-4074\">\n\t<div class=\"um-form\">\n\t\t<form method=\"post\" action=\"\" autocomplete=\"off\">\n\t\t\t<div class=\"um-row _um_row_1 \" style=\"margin: 0 0 30px 0;\"><div class=\"um-col-1\"><div  id=\"um_field_4074_username\" class=\"um-field um-field-text  um-field-username um-field-text um-field-type_text\" data-key=\"username\"><div class=\"um-field-label\"><label for=\"username-4074\">Identifiant ou e-mail<\/label><div class=\"um-clear\"><\/div><\/div><div class=\"um-field-area\"><input  autocomplete=\"off\" class=\"um-form-field valid \" type=\"text\" name=\"username-4074\" id=\"username-4074\" value=\"\" placeholder=\"\" data-validate=\"unique_username_or_email\" data-key=\"username\"  aria-invalid=\"false\" \/>\n\n\t\t\t\t\t\t<\/div><\/div><div  id=\"um_field_4074_user_password\" class=\"um-field um-field-password  um-field-user_password um-field-password um-field-type_password\" data-key=\"user_password\"><div class=\"um-field-label\"><label for=\"user_password-4074\">Mot de passe<\/label><div class=\"um-clear\"><\/div><\/div><div class=\"um-field-area\"><input class=\"um-form-field valid \" type=\"password\" name=\"user_password-4074\" id=\"user_password-4074\" value=\"\" placeholder=\"\" data-validate=\"\" data-key=\"user_password\"  aria-invalid=\"false\" \/>\n\n\t\t\t\t\t\t\t<\/div><\/div><\/div><\/div>\t<input type=\"hidden\" name=\"form_id\" id=\"form_id_4074\" value=\"4074\" \/>\n\t\t<p class=\"um_request_name\">\n\t\t<label for=\"um_request_4074\">Only fill in if you are not human<\/label>\n\t\t<input type=\"hidden\" name=\"um_request\" id=\"um_request_4074\" class=\"input\" value=\"\" size=\"25\" autocomplete=\"off\" \/>\n\t<\/p>\n\t<input type=\"hidden\" name=\"redirect_to\" id=\"redirect_to\" value=\"https:\/\/afpca.fr\/site\/espace-adherent-afpca\/\" \/><input type=\"hidden\" id=\"_wpnonce\" name=\"_wpnonce\" value=\"58c67a9841\" \/><input type=\"hidden\" name=\"_wp_http_referer\" value=\"\/site\/wp-json\/wp\/v2\/pages\/4078\" \/>\n\t<div class=\"um-col-alt\">\n\n\t\t\n\t\t\t<div class=\"um-center\">\n\t\t\t\t<input type=\"submit\" value=\"Connexion\" class=\"um-button\" id=\"um-submit-btn\" \/>\n\t\t\t<\/div>\n\n\t\t\n\t\t<div class=\"um-clear\"><\/div>\n\n\t<\/div>\n\n\t\t\t<\/form>\n\t<\/div>\n<\/div>\n<style>\n\t\t\t.um-4074.um {\n\t\t\tmax-width: 450px;\n\t\t}\n\t\t<\/style>\n    \n\n<\/div>\n\t\t\t\t\t\t<\/div>\n\t\t\t\t<\/div>\n\t\t\t\t\t<\/div>\n\t\t\t\t<\/div>\n\t\t\t\t<\/div>\n\t\t","protected":false},"excerpt":{"rendered":"<p>Cet espace documentaire est r\u00e9serv\u00e9 aux adh\u00e9rents de l&#8217;AFPCA. Pour visualiser les documents, vous devez entrer\u00a0 l&#8217;identifiant et le mot de passe (1) que vous avez re\u00e7u dans nos feuillets trimestriels. Vous venez d&#8217;adh\u00e9rer , demander l&#8217;identifiant et le mot de passe au tresorier-adjoint@afpca.fr En cas de probl\u00e8me, vous pouvez \u00e9galement \u00e9crire \u00e0\u00a0contact@afpca.fr (1): le [&hellip;]<\/p>\n","protected":false},"author":10,"featured_media":0,"parent":0,"menu_order":0,"comment_status":"closed","ping_status":"closed","template":"","meta":{"footnotes":""},"class_list":["post-4078","page","type-page","status-publish","hentry","post"],"yoast_head":"<!-- This site is optimized with the Yoast SEO plugin v27.4 - https:\/\/yoast.com\/product\/yoast-seo-wordpress\/ -->\n<title>Connexion - Association Francophone Contre La Polychondrite Chronique Atrophiante<\/title>\n<meta name=\"robots\" content=\"index, follow, max-snippet:-1, max-image-preview:large, max-video-preview:-1\" \/>\n<link rel=\"canonical\" href=\"https:\/\/afpca.fr\/site\/login\/\" \/>\n<meta property=\"og:locale\" content=\"fr_FR\" \/>\n<meta property=\"og:type\" content=\"article\" \/>\n<meta property=\"og:title\" content=\"Connexion - Association Francophone Contre La Polychondrite Chronique Atrophiante\" \/>\n<meta property=\"og:description\" content=\"Cet espace documentaire est r\u00e9serv\u00e9 aux adh\u00e9rents de l&#8217;AFPCA. Pour visualiser les documents, vous devez entrer\u00a0 l&#8217;identifiant et le mot de passe (1) que vous avez re\u00e7u dans nos feuillets trimestriels. Vous venez d&#8217;adh\u00e9rer , demander l&#8217;identifiant et le mot de passe au tresorier-adjoint@afpca.fr En cas de probl\u00e8me, vous pouvez \u00e9galement \u00e9crire \u00e0\u00a0contact@afpca.fr (1): le [&hellip;]\" \/>\n<meta property=\"og:url\" content=\"https:\/\/afpca.fr\/site\/login\/\" \/>\n<meta property=\"og:site_name\" content=\"Association Francophone Contre La Polychondrite Chronique Atrophiante\" \/>\n<meta property=\"article:publisher\" content=\"https:\/\/www.facebook.com\/groups\/42710644010\" \/>\n<meta property=\"article:modified_time\" content=\"2024-12-03T10:06:03+00:00\" \/>\n<meta name=\"twitter:card\" content=\"summary_large_image\" \/>\n<script type=\"application\/ld+json\" class=\"yoast-schema-graph\">{\"@context\":\"https:\\\/\\\/schema.org\",\"@graph\":[{\"@type\":\"WebPage\",\"@id\":\"https:\\\/\\\/afpca.fr\\\/site\\\/login\\\/\",\"url\":\"https:\\\/\\\/afpca.fr\\\/site\\\/login\\\/\",\"name\":\"Connexion - Association Francophone Contre La Polychondrite Chronique Atrophiante\",\"isPartOf\":{\"@id\":\"https:\\\/\\\/afpca.fr\\\/site\\\/#website\"},\"datePublished\":\"2024-10-23T09:40:57+00:00\",\"dateModified\":\"2024-12-03T10:06:03+00:00\",\"breadcrumb\":{\"@id\":\"https:\\\/\\\/afpca.fr\\\/site\\\/login\\\/#breadcrumb\"},\"inLanguage\":\"fr-FR\",\"potentialAction\":[{\"@type\":\"ReadAction\",\"target\":[\"https:\\\/\\\/afpca.fr\\\/site\\\/login\\\/\"]}]},{\"@type\":\"BreadcrumbList\",\"@id\":\"https:\\\/\\\/afpca.fr\\\/site\\\/login\\\/#breadcrumb\",\"itemListElement\":[{\"@type\":\"ListItem\",\"position\":1,\"name\":\"Accueil\",\"item\":\"https:\\\/\\\/afpca.fr\\\/site\\\/\"},{\"@type\":\"ListItem\",\"position\":2,\"name\":\"Connexion\"}]},{\"@type\":\"WebSite\",\"@id\":\"https:\\\/\\\/afpca.fr\\\/site\\\/#website\",\"url\":\"https:\\\/\\\/afpca.fr\\\/site\\\/\",\"name\":\"Association Francophone Contre La Polychondrite Chronique Atrophiante\",\"description\":\"Association Francophone Contre La Polychondrite Chronique Atrophiante\",\"publisher\":{\"@id\":\"https:\\\/\\\/afpca.fr\\\/site\\\/#organization\"},\"potentialAction\":[{\"@type\":\"SearchAction\",\"target\":{\"@type\":\"EntryPoint\",\"urlTemplate\":\"https:\\\/\\\/afpca.fr\\\/site\\\/?s={search_term_string}\"},\"query-input\":{\"@type\":\"PropertyValueSpecification\",\"valueRequired\":true,\"valueName\":\"search_term_string\"}}],\"inLanguage\":\"fr-FR\"},{\"@type\":\"Organization\",\"@id\":\"https:\\\/\\\/afpca.fr\\\/site\\\/#organization\",\"name\":\"Association Francophone Contre La Polychondrite Chronique Atrophiante\",\"url\":\"https:\\\/\\\/afpca.fr\\\/site\\\/\",\"logo\":{\"@type\":\"ImageObject\",\"inLanguage\":\"fr-FR\",\"@id\":\"https:\\\/\\\/afpca.fr\\\/site\\\/#\\\/schema\\\/logo\\\/image\\\/\",\"url\":\"https:\\\/\\\/afpca.fr\\\/site\\\/wp-content\\\/uploads\\\/2023\\\/05\\\/LOGO_afpca.png\",\"contentUrl\":\"https:\\\/\\\/afpca.fr\\\/site\\\/wp-content\\\/uploads\\\/2023\\\/05\\\/LOGO_afpca.png\",\"width\":184,\"height\":184,\"caption\":\"Association Francophone Contre La Polychondrite Chronique Atrophiante\"},\"image\":{\"@id\":\"https:\\\/\\\/afpca.fr\\\/site\\\/#\\\/schema\\\/logo\\\/image\\\/\"},\"sameAs\":[\"https:\\\/\\\/www.facebook.com\\\/groups\\\/42710644010\"]}]}<\/script>\n<!-- \/ Yoast SEO plugin. -->","yoast_head_json":{"title":"Connexion - Association Francophone Contre La Polychondrite Chronique Atrophiante","robots":{"index":"index","follow":"follow","max-snippet":"max-snippet:-1","max-image-preview":"max-image-preview:large","max-video-preview":"max-video-preview:-1"},"canonical":"https:\/\/afpca.fr\/site\/login\/","og_locale":"fr_FR","og_type":"article","og_title":"Connexion - Association Francophone Contre La Polychondrite Chronique Atrophiante","og_description":"Cet espace documentaire est r\u00e9serv\u00e9 aux adh\u00e9rents de l&#8217;AFPCA. Pour visualiser les documents, vous devez entrer\u00a0 l&#8217;identifiant et le mot de passe (1) que vous avez re\u00e7u dans nos feuillets trimestriels. Vous venez d&#8217;adh\u00e9rer , demander l&#8217;identifiant et le mot de passe au tresorier-adjoint@afpca.fr En cas de probl\u00e8me, vous pouvez \u00e9galement \u00e9crire \u00e0\u00a0contact@afpca.fr (1): le [&hellip;]","og_url":"https:\/\/afpca.fr\/site\/login\/","og_site_name":"Association Francophone Contre La Polychondrite Chronique Atrophiante","article_publisher":"https:\/\/www.facebook.com\/groups\/42710644010","article_modified_time":"2024-12-03T10:06:03+00:00","twitter_card":"summary_large_image","schema":{"@context":"https:\/\/schema.org","@graph":[{"@type":"WebPage","@id":"https:\/\/afpca.fr\/site\/login\/","url":"https:\/\/afpca.fr\/site\/login\/","name":"Connexion - Association Francophone Contre La Polychondrite Chronique Atrophiante","isPartOf":{"@id":"https:\/\/afpca.fr\/site\/#website"},"datePublished":"2024-10-23T09:40:57+00:00","dateModified":"2024-12-03T10:06:03+00:00","breadcrumb":{"@id":"https:\/\/afpca.fr\/site\/login\/#breadcrumb"},"inLanguage":"fr-FR","potentialAction":[{"@type":"ReadAction","target":["https:\/\/afpca.fr\/site\/login\/"]}]},{"@type":"BreadcrumbList","@id":"https:\/\/afpca.fr\/site\/login\/#breadcrumb","itemListElement":[{"@type":"ListItem","position":1,"name":"Accueil","item":"https:\/\/afpca.fr\/site\/"},{"@type":"ListItem","position":2,"name":"Connexion"}]},{"@type":"WebSite","@id":"https:\/\/afpca.fr\/site\/#website","url":"https:\/\/afpca.fr\/site\/","name":"Association Francophone Contre La Polychondrite Chronique Atrophiante","description":"Association Francophone Contre La Polychondrite Chronique Atrophiante","publisher":{"@id":"https:\/\/afpca.fr\/site\/#organization"},"potentialAction":[{"@type":"SearchAction","target":{"@type":"EntryPoint","urlTemplate":"https:\/\/afpca.fr\/site\/?s={search_term_string}"},"query-input":{"@type":"PropertyValueSpecification","valueRequired":true,"valueName":"search_term_string"}}],"inLanguage":"fr-FR"},{"@type":"Organization","@id":"https:\/\/afpca.fr\/site\/#organization","name":"Association Francophone Contre La Polychondrite Chronique Atrophiante","url":"https:\/\/afpca.fr\/site\/","logo":{"@type":"ImageObject","inLanguage":"fr-FR","@id":"https:\/\/afpca.fr\/site\/#\/schema\/logo\/image\/","url":"https:\/\/afpca.fr\/site\/wp-content\/uploads\/2023\/05\/LOGO_afpca.png","contentUrl":"https:\/\/afpca.fr\/site\/wp-content\/uploads\/2023\/05\/LOGO_afpca.png","width":184,"height":184,"caption":"Association Francophone Contre La Polychondrite Chronique Atrophiante"},"image":{"@id":"https:\/\/afpca.fr\/site\/#\/schema\/logo\/image\/"},"sameAs":["https:\/\/www.facebook.com\/groups\/42710644010"]}]}},"_links":{"self":[{"href":"https:\/\/afpca.fr\/site\/wp-json\/wp\/v2\/pages\/4078","targetHints":{"allow":["GET"]}}],"collection":[{"href":"https:\/\/afpca.fr\/site\/wp-json\/wp\/v2\/pages"}],"about":[{"href":"https:\/\/afpca.fr\/site\/wp-json\/wp\/v2\/types\/page"}],"author":[{"embeddable":true,"href":"https:\/\/afpca.fr\/site\/wp-json\/wp\/v2\/users\/10"}],"replies":[{"embeddable":true,"href":"https:\/\/afpca.fr\/site\/wp-json\/wp\/v2\/comments?post=4078"}],"version-history":[{"count":10,"href":"https:\/\/afpca.fr\/site\/wp-json\/wp\/v2\/pages\/4078\/revisions"}],"predecessor-version":[{"id":4359,"href":"https:\/\/afpca.fr\/site\/wp-json\/wp\/v2\/pages\/4078\/revisions\/4359"}],"wp:attachment":[{"href":"https:\/\/afpca.fr\/site\/wp-json\/wp\/v2\/media?parent=4078"}],"curies":[{"name":"wp","href":"https:\/\/api.w.org\/{rel}","templated":true}]}}