{"id":5187,"date":"2026-03-04T18:08:21","date_gmt":"2026-03-04T17:08:21","guid":{"rendered":"https:\/\/afpca.fr\/site\/?page_id=5187"},"modified":"2026-03-04T18:14:22","modified_gmt":"2026-03-04T17:14:22","slug":"ag-2021","status":"publish","type":"page","link":"https:\/\/afpca.fr\/site\/espace-adherent-afpca\/archives\/ag-2021\/","title":{"rendered":"pr\u00e9sentation AG 2021"},"content":{"rendered":"\t\t<div data-elementor-type=\"wp-page\" data-elementor-id=\"5187\" class=\"elementor elementor-5187\">\n\t\t\t\t<div class=\"elementor-element elementor-element-11166b0 e-flex e-con-boxed e-con e-parent\" data-id=\"11166b0\" data-element_type=\"container\" data-e-type=\"container\">\n\t\t\t\t\t<div class=\"e-con-inner\">\n\t\t\t\t<div class=\"elementor-element elementor-element-cdbc8d4 elementor-widget elementor-widget-text-editor\" data-id=\"cdbc8d4\" data-element_type=\"widget\" data-e-type=\"widget\" data-widget_type=\"text-editor.default\">\n\t\t\t\t<div class=\"elementor-widget-container\">\n\t\t\t\t\t\t\t\t\t<p><span class=\"glow\">\u00c0 d\u00e9faut de pouvoir se retrouver comme initialement pr\u00e9vu en pr\u00e9sentiel le 9 octobre en raison du contexte sanitaire (COVID19),<br \/>l\u2019assembl\u00e9e g\u00e9n\u00e9rale de l\u2019AFPCA s\u2019est tenue par visioconf\u00e9rence le 15 octobre 2021 \u00e0 18 h<\/span><\/p><p>ci apr\u00e8s le lien vers le compte rendu num\u00e9rique de l\u2019AG2021<br \/><a href=\"https:\/\/afpca.fr\/site\/wp-content\/uploads\/2026\/03\/CR_AG_15_10_2021_AFPCA.pdf\">https:\/\/afpca.fr\/site\/wp-content\/uploads\/2026\/03\/CR_AG_15_10_2021_AFPCA.pdf<\/a><\/p><p><span class=\"shadow\">ci dessous le liens vers la vid\u00e9o de l\u2019AG2021<\/span><br \/><a class=\"postlink\" href=\"https:\/\/www.afpca.fr\/dossiers2021\/AG_rapport_actions_2019_2021_budget_2022.mp4\">https:\/\/www.afpca.fr\/dossiers2021\/AG_rapport_actions_2019_2021_budget_2022.mp4<\/a><\/p><p><span style=\"text-decoration: underline;\"><span class=\"shadow\">ci dessous les liens vers les vid\u00e9os des m\u00e9decins<\/span><\/span><\/p><p><strong>Intervention du Docteur Alexis MATHIAN<\/strong> (M\u00e9decin \u00e0 l\u2019H\u00f4pital de la Piti\u00e9-Salp\u00eatri\u00e8re \u00e0 Paris) <a href=\"https:\/\/www.afpca.fr\/dossiers2021\/AG2021medecins_partie01.mp4\">https:\/\/www.afpca.fr\/dossiers2021\/AG2021medecins_partie01.mp4<\/a><\/p><ul><li style=\"list-style-type: none;\"><ul><li><strong>Pr\u00e9sentation du PNDS (Protocoles Nationaux de Diagnostic et de Soins) pour la PCA<\/strong><\/li><li><strong>D\u00e9couverte d\u2019une nouvelle maladie : le syndrome VEXAS<\/strong><\/li><\/ul><\/li><\/ul><p><strong>Intervention du Docteur Pierre HIRSH<\/strong> (pr\u00e9sent\u00e9e par le Professeur Makoto MIYARA) M\u00e9decin \u00e0 l\u2019h\u00f4pital Saint-Antoine \u00e0 Paris -h\u00e9matologue biologiste sp\u00e9cialis\u00e9 en biologie mol\u00e9culaire. Mutations g\u00e9n\u00e9tiques acquises responsables du syndrome VEXAS<\/p><p><a href=\"https:\/\/www.afpca.fr\/dossiers2021\/AG2021medecins_partie0201.mp4\">https:\/\/www.afpca.fr\/dossiers2021\/AG2021medecins_partie0201.mp4<\/a><\/p><p><strong>intervention du professeur Makoto Myara<\/strong> (M\u00e9decin \u00e0 l\u2019h\u00f4pital de la Piti\u00e9-Salp\u00eatri\u00e8re \u00e0 Paris. Il \u00e9tudie les maladies atteignant plusieurs organes simultan\u00e9ment (maladies syst\u00e9miques) ou les d\u00e9fenses de l&#8217;organisme (maladies immunitaires ou auto-immunes). Il coordonne les diff\u00e9rents sp\u00e9cialistes impliqu\u00e9s et effectue la synth\u00e8se de l\u2019ensemble des \u00e9l\u00e9ments diagnostiqu\u00e9s : consultations, examens, analyses.<\/p><p><a href=\"https:\/\/www.afpca.fr\/dossiers2021\/AG2021medecins_partie0202.mp4\">https:\/\/www.afpca.fr\/dossiers2021\/AG2021medecins_partie0202.mp4<\/a><\/p><p style=\"padding-left: 40px;\">Recherche sur 2 axes + 1 avanc\u00e9e :<\/p><ul><li style=\"list-style-type: none;\"><ul><li><strong>Autoanticorps\u00a0<\/strong><\/li><li><strong>Th\u00e9rapies innovantes : th\u00e9rapie cellulaire TREG (lymphocyte T r\u00e9gulateur) et r\u00e9g\u00e9n\u00e9ration.<\/strong><\/li><li><strong>Avanc\u00e9es sur la r\u00e9g\u00e9n\u00e9ration de la trach\u00e9e\u00a0<\/strong><\/li><\/ul><\/li><\/ul><p><strong>intervention du professeur Jean Charles Piette<\/strong> (M\u00e9decin \u00e0 l\u2019H\u00f4pital Piti\u00e9-Salp\u00eatri\u00e8re \u00e0 Paris. Chef du service de m\u00e9decine interne \u00e0 l&#8217;h\u00f4pital de la Piti\u00e9-Salp\u00eatri\u00e8re \u00e0 Paris, professeur \u00e0 l&#8217;Universit\u00e9 Pierre et Marie Curie, responsable du centre national de r\u00e9f\u00e9rence \u00ab lupus \u00bb.)<\/p><p style=\"padding-left: 40px;\">Questions\/r\u00e9ponses au Professeur PIETTE<\/p><p><a href=\"https:\/\/www.afpca.fr\/dossiers2021\/AG2021medecins_partie0203.mp4\">https:\/\/www.afpca.fr\/dossiers2021\/AG2021medecins_partie0203.mp4<\/a><\/p>\t\t\t\t\t\t\t\t<\/div>\n\t\t\t\t<\/div>\n\t\t\t\t\t<\/div>\n\t\t\t\t<\/div>\n\t\t\t\t<\/div>\n\t\t","protected":false},"excerpt":{"rendered":"<p>\u00c0 d\u00e9faut de pouvoir se retrouver comme initialement pr\u00e9vu en pr\u00e9sentiel le 9 octobre en raison du contexte sanitaire (COVID19),l\u2019assembl\u00e9e g\u00e9n\u00e9rale de l\u2019AFPCA s\u2019est tenue par visioconf\u00e9rence le 15 octobre 2021 \u00e0 18 h ci apr\u00e8s le lien vers le compte rendu num\u00e9rique de l\u2019AG2021https:\/\/afpca.fr\/site\/wp-content\/uploads\/2026\/03\/CR_AG_15_10_2021_AFPCA.pdf ci dessous le liens vers la vid\u00e9o de l\u2019AG2021https:\/\/www.afpca.fr\/dossiers2021\/AG_rapport_actions_2019_2021_budget_2022.mp4 ci [&hellip;]<\/p>\n","protected":false},"author":10,"featured_media":0,"parent":4783,"menu_order":0,"comment_status":"closed","ping_status":"closed","template":"","meta":{"footnotes":""},"class_list":["post-5187","page","type-page","status-publish","hentry","post"],"yoast_head":"<!-- This site is optimized with the Yoast SEO plugin v27.4 - https:\/\/yoast.com\/product\/yoast-seo-wordpress\/ -->\n<title>pr\u00e9sentation AG 2021 - Association Francophone Contre La Polychondrite Chronique Atrophiante<\/title>\n<meta name=\"robots\" content=\"index, follow, max-snippet:-1, max-image-preview:large, max-video-preview:-1\" \/>\n<link rel=\"canonical\" href=\"https:\/\/afpca.fr\/site\/espace-adherent-afpca\/archives\/ag-2021\/\" \/>\n<meta property=\"og:locale\" content=\"fr_FR\" \/>\n<meta property=\"og:type\" content=\"article\" \/>\n<meta property=\"og:title\" content=\"pr\u00e9sentation AG 2021 - Association Francophone Contre La Polychondrite Chronique Atrophiante\" \/>\n<meta property=\"og:description\" content=\"\u00c0 d\u00e9faut de pouvoir se retrouver comme initialement pr\u00e9vu en pr\u00e9sentiel le 9 octobre en raison du contexte sanitaire (COVID19),l\u2019assembl\u00e9e g\u00e9n\u00e9rale de l\u2019AFPCA s\u2019est tenue par visioconf\u00e9rence le 15 octobre 2021 \u00e0 18 h ci apr\u00e8s le lien vers le compte rendu num\u00e9rique de l\u2019AG2021https:\/\/afpca.fr\/site\/wp-content\/uploads\/2026\/03\/CR_AG_15_10_2021_AFPCA.pdf ci dessous le liens vers la vid\u00e9o de l\u2019AG2021https:\/\/www.afpca.fr\/dossiers2021\/AG_rapport_actions_2019_2021_budget_2022.mp4 ci [&hellip;]\" \/>\n<meta property=\"og:url\" content=\"https:\/\/afpca.fr\/site\/espace-adherent-afpca\/archives\/ag-2021\/\" \/>\n<meta property=\"og:site_name\" content=\"Association Francophone Contre La Polychondrite Chronique Atrophiante\" \/>\n<meta property=\"article:publisher\" content=\"https:\/\/www.facebook.com\/groups\/42710644010\" \/>\n<meta property=\"article:modified_time\" content=\"2026-03-04T17:14:22+00:00\" \/>\n<meta name=\"twitter:card\" content=\"summary_large_image\" \/>\n<meta name=\"twitter:label1\" content=\"Dur\u00e9e de lecture estim\u00e9e\" \/>\n\t<meta name=\"twitter:data1\" content=\"2 minutes\" \/>\n<script type=\"application\/ld+json\" class=\"yoast-schema-graph\">{\"@context\":\"https:\\\/\\\/schema.org\",\"@graph\":[{\"@type\":\"WebPage\",\"@id\":\"https:\\\/\\\/afpca.fr\\\/site\\\/espace-adherent-afpca\\\/archives\\\/ag-2021\\\/\",\"url\":\"https:\\\/\\\/afpca.fr\\\/site\\\/espace-adherent-afpca\\\/archives\\\/ag-2021\\\/\",\"name\":\"pr\u00e9sentation AG 2021 - Association Francophone Contre La Polychondrite Chronique Atrophiante\",\"isPartOf\":{\"@id\":\"https:\\\/\\\/afpca.fr\\\/site\\\/#website\"},\"datePublished\":\"2026-03-04T17:08:21+00:00\",\"dateModified\":\"2026-03-04T17:14:22+00:00\",\"breadcrumb\":{\"@id\":\"https:\\\/\\\/afpca.fr\\\/site\\\/espace-adherent-afpca\\\/archives\\\/ag-2021\\\/#breadcrumb\"},\"inLanguage\":\"fr-FR\",\"potentialAction\":[{\"@type\":\"ReadAction\",\"target\":[\"https:\\\/\\\/afpca.fr\\\/site\\\/espace-adherent-afpca\\\/archives\\\/ag-2021\\\/\"]}]},{\"@type\":\"BreadcrumbList\",\"@id\":\"https:\\\/\\\/afpca.fr\\\/site\\\/espace-adherent-afpca\\\/archives\\\/ag-2021\\\/#breadcrumb\",\"itemListElement\":[{\"@type\":\"ListItem\",\"position\":1,\"name\":\"Accueil\",\"item\":\"https:\\\/\\\/afpca.fr\\\/site\\\/\"},{\"@type\":\"ListItem\",\"position\":2,\"name\":\"Espace adh\u00e9rent AFPCA\",\"item\":\"https:\\\/\\\/afpca.fr\\\/site\\\/espace-adherent-afpca\\\/\"},{\"@type\":\"ListItem\",\"position\":3,\"name\":\"Archives\",\"item\":\"https:\\\/\\\/afpca.fr\\\/site\\\/espace-adherent-afpca\\\/archives\\\/\"},{\"@type\":\"ListItem\",\"position\":4,\"name\":\"pr\u00e9sentation AG 2021\"}]},{\"@type\":\"WebSite\",\"@id\":\"https:\\\/\\\/afpca.fr\\\/site\\\/#website\",\"url\":\"https:\\\/\\\/afpca.fr\\\/site\\\/\",\"name\":\"Association Francophone Contre La Polychondrite Chronique Atrophiante\",\"description\":\"Association Francophone Contre La Polychondrite Chronique Atrophiante\",\"publisher\":{\"@id\":\"https:\\\/\\\/afpca.fr\\\/site\\\/#organization\"},\"potentialAction\":[{\"@type\":\"SearchAction\",\"target\":{\"@type\":\"EntryPoint\",\"urlTemplate\":\"https:\\\/\\\/afpca.fr\\\/site\\\/?s={search_term_string}\"},\"query-input\":{\"@type\":\"PropertyValueSpecification\",\"valueRequired\":true,\"valueName\":\"search_term_string\"}}],\"inLanguage\":\"fr-FR\"},{\"@type\":\"Organization\",\"@id\":\"https:\\\/\\\/afpca.fr\\\/site\\\/#organization\",\"name\":\"Association Francophone Contre La Polychondrite Chronique Atrophiante\",\"url\":\"https:\\\/\\\/afpca.fr\\\/site\\\/\",\"logo\":{\"@type\":\"ImageObject\",\"inLanguage\":\"fr-FR\",\"@id\":\"https:\\\/\\\/afpca.fr\\\/site\\\/#\\\/schema\\\/logo\\\/image\\\/\",\"url\":\"https:\\\/\\\/afpca.fr\\\/site\\\/wp-content\\\/uploads\\\/2023\\\/05\\\/LOGO_afpca.png\",\"contentUrl\":\"https:\\\/\\\/afpca.fr\\\/site\\\/wp-content\\\/uploads\\\/2023\\\/05\\\/LOGO_afpca.png\",\"width\":184,\"height\":184,\"caption\":\"Association Francophone Contre La Polychondrite Chronique Atrophiante\"},\"image\":{\"@id\":\"https:\\\/\\\/afpca.fr\\\/site\\\/#\\\/schema\\\/logo\\\/image\\\/\"},\"sameAs\":[\"https:\\\/\\\/www.facebook.com\\\/groups\\\/42710644010\"]}]}<\/script>\n<!-- \/ Yoast SEO plugin. -->","yoast_head_json":{"title":"pr\u00e9sentation AG 2021 - Association Francophone Contre La Polychondrite Chronique Atrophiante","robots":{"index":"index","follow":"follow","max-snippet":"max-snippet:-1","max-image-preview":"max-image-preview:large","max-video-preview":"max-video-preview:-1"},"canonical":"https:\/\/afpca.fr\/site\/espace-adherent-afpca\/archives\/ag-2021\/","og_locale":"fr_FR","og_type":"article","og_title":"pr\u00e9sentation AG 2021 - Association Francophone Contre La Polychondrite Chronique Atrophiante","og_description":"\u00c0 d\u00e9faut de pouvoir se retrouver comme initialement pr\u00e9vu en pr\u00e9sentiel le 9 octobre en raison du contexte sanitaire (COVID19),l\u2019assembl\u00e9e g\u00e9n\u00e9rale de l\u2019AFPCA s\u2019est tenue par visioconf\u00e9rence le 15 octobre 2021 \u00e0 18 h ci apr\u00e8s le lien vers le compte rendu num\u00e9rique de l\u2019AG2021https:\/\/afpca.fr\/site\/wp-content\/uploads\/2026\/03\/CR_AG_15_10_2021_AFPCA.pdf ci dessous le liens vers la vid\u00e9o de l\u2019AG2021https:\/\/www.afpca.fr\/dossiers2021\/AG_rapport_actions_2019_2021_budget_2022.mp4 ci [&hellip;]","og_url":"https:\/\/afpca.fr\/site\/espace-adherent-afpca\/archives\/ag-2021\/","og_site_name":"Association Francophone Contre La Polychondrite Chronique Atrophiante","article_publisher":"https:\/\/www.facebook.com\/groups\/42710644010","article_modified_time":"2026-03-04T17:14:22+00:00","twitter_card":"summary_large_image","twitter_misc":{"Dur\u00e9e de lecture estim\u00e9e":"2 minutes"},"schema":{"@context":"https:\/\/schema.org","@graph":[{"@type":"WebPage","@id":"https:\/\/afpca.fr\/site\/espace-adherent-afpca\/archives\/ag-2021\/","url":"https:\/\/afpca.fr\/site\/espace-adherent-afpca\/archives\/ag-2021\/","name":"pr\u00e9sentation AG 2021 - Association Francophone Contre La Polychondrite Chronique Atrophiante","isPartOf":{"@id":"https:\/\/afpca.fr\/site\/#website"},"datePublished":"2026-03-04T17:08:21+00:00","dateModified":"2026-03-04T17:14:22+00:00","breadcrumb":{"@id":"https:\/\/afpca.fr\/site\/espace-adherent-afpca\/archives\/ag-2021\/#breadcrumb"},"inLanguage":"fr-FR","potentialAction":[{"@type":"ReadAction","target":["https:\/\/afpca.fr\/site\/espace-adherent-afpca\/archives\/ag-2021\/"]}]},{"@type":"BreadcrumbList","@id":"https:\/\/afpca.fr\/site\/espace-adherent-afpca\/archives\/ag-2021\/#breadcrumb","itemListElement":[{"@type":"ListItem","position":1,"name":"Accueil","item":"https:\/\/afpca.fr\/site\/"},{"@type":"ListItem","position":2,"name":"Espace adh\u00e9rent AFPCA","item":"https:\/\/afpca.fr\/site\/espace-adherent-afpca\/"},{"@type":"ListItem","position":3,"name":"Archives","item":"https:\/\/afpca.fr\/site\/espace-adherent-afpca\/archives\/"},{"@type":"ListItem","position":4,"name":"pr\u00e9sentation AG 2021"}]},{"@type":"WebSite","@id":"https:\/\/afpca.fr\/site\/#website","url":"https:\/\/afpca.fr\/site\/","name":"Association Francophone Contre La Polychondrite Chronique Atrophiante","description":"Association Francophone Contre La Polychondrite Chronique Atrophiante","publisher":{"@id":"https:\/\/afpca.fr\/site\/#organization"},"potentialAction":[{"@type":"SearchAction","target":{"@type":"EntryPoint","urlTemplate":"https:\/\/afpca.fr\/site\/?s={search_term_string}"},"query-input":{"@type":"PropertyValueSpecification","valueRequired":true,"valueName":"search_term_string"}}],"inLanguage":"fr-FR"},{"@type":"Organization","@id":"https:\/\/afpca.fr\/site\/#organization","name":"Association Francophone Contre La Polychondrite Chronique Atrophiante","url":"https:\/\/afpca.fr\/site\/","logo":{"@type":"ImageObject","inLanguage":"fr-FR","@id":"https:\/\/afpca.fr\/site\/#\/schema\/logo\/image\/","url":"https:\/\/afpca.fr\/site\/wp-content\/uploads\/2023\/05\/LOGO_afpca.png","contentUrl":"https:\/\/afpca.fr\/site\/wp-content\/uploads\/2023\/05\/LOGO_afpca.png","width":184,"height":184,"caption":"Association Francophone Contre La Polychondrite Chronique Atrophiante"},"image":{"@id":"https:\/\/afpca.fr\/site\/#\/schema\/logo\/image\/"},"sameAs":["https:\/\/www.facebook.com\/groups\/42710644010"]}]}},"_links":{"self":[{"href":"https:\/\/afpca.fr\/site\/wp-json\/wp\/v2\/pages\/5187","targetHints":{"allow":["GET"]}}],"collection":[{"href":"https:\/\/afpca.fr\/site\/wp-json\/wp\/v2\/pages"}],"about":[{"href":"https:\/\/afpca.fr\/site\/wp-json\/wp\/v2\/types\/page"}],"author":[{"embeddable":true,"href":"https:\/\/afpca.fr\/site\/wp-json\/wp\/v2\/users\/10"}],"replies":[{"embeddable":true,"href":"https:\/\/afpca.fr\/site\/wp-json\/wp\/v2\/comments?post=5187"}],"version-history":[{"count":7,"href":"https:\/\/afpca.fr\/site\/wp-json\/wp\/v2\/pages\/5187\/revisions"}],"predecessor-version":[{"id":5194,"href":"https:\/\/afpca.fr\/site\/wp-json\/wp\/v2\/pages\/5187\/revisions\/5194"}],"up":[{"embeddable":true,"href":"https:\/\/afpca.fr\/site\/wp-json\/wp\/v2\/pages\/4783"}],"wp:attachment":[{"href":"https:\/\/afpca.fr\/site\/wp-json\/wp\/v2\/media?parent=5187"}],"curies":[{"name":"wp","href":"https:\/\/api.w.org\/{rel}","templated":true}]}}